{"id":29,"date":"2025-09-07T10:59:39","date_gmt":"2025-09-07T10:59:39","guid":{"rendered":"https:\/\/bonsaiarquitetura.com.br\/?page_id=29"},"modified":"2026-04-09T22:31:19","modified_gmt":"2026-04-09T22:31:19","slug":"recursos","status":"publish","type":"page","link":"https:\/\/bonsaiarquitetura.com.br\/en\/recursos\/","title":{"rendered":"Resources"},"content":{"rendered":"<div data-elementor-type=\"wp-page\" data-elementor-id=\"29\" class=\"elementor elementor-29\">\n\t\t\t\t<div class=\"elementor-element elementor-element-903c3da e-flex e-con-boxed e-con e-parent\" data-id=\"903c3da\" data-element_type=\"container\" data-e-type=\"container\" data-settings=\"{&quot;background_background&quot;:&quot;classic&quot;,&quot;shape_divider_bottom&quot;:&quot;waves&quot;}\">\n\t\t\t\t\t<div class=\"e-con-inner\">\n\t\t\t\t<div class=\"elementor-shape elementor-shape-bottom\" aria-hidden=\"true\" data-negative=\"false\">\n\t\t\t<svg xmlns=\"http:\/\/www.w3.org\/2000\/svg\" viewbox=\"0 0 1000 100\" preserveaspectratio=\"none\">\n\t<path class=\"elementor-shape-fill\" d=\"M421.9,6.5c22.6-2.5,51.5,0.4,75.5,5.3c23.6,4.9,70.9,23.5,100.5,35.7c75.8,32.2,133.7,44.5,192.6,49.7\tc23.6,2.1,48.7,3.5,103.4-2.5c54.7-6,106.2-25.6,106.2-25.6V0H0v30.3c0,0,72,32.6,158.4,30.5c39.2-0.7,92.8-6.7,134-22.4\tc21.2-8.1,52.2-18.2,79.7-24.2C399.3,7.9,411.6,7.5,421.9,6.5z\"\/>\n<\/svg>\t\t<\/div>\n\t\t\t\t<div class=\"elementor-element elementor-element-90e7607 elementor-widget elementor-widget-heading\" data-id=\"90e7607\" data-element_type=\"widget\" data-e-type=\"widget\" data-widget_type=\"heading.default\">\n\t\t\t\t\t<h2 class=\"elementor-heading-title elementor-size-default\">Materiais &amp; Guias<\/h2>\t\t\t\t<\/div>\n\t\t\t\t<div class=\"elementor-element elementor-element-1f95ddd elementor-widget elementor-widget-text-editor\" data-id=\"1f95ddd\" data-element_type=\"widget\" data-e-type=\"widget\" data-widget_type=\"text-editor.default\">\n\t\t\t\t\t\t\t\t\t<p data-start=\"110\" data-end=\"315\">Explore nossos materiais educativos, criados para apoiar quem deseja entender melhor o potencial de cada metro quadrado e se preparar com mais seguran\u00e7a na hora de projetar ou renovar o pr\u00f3prio espa\u00e7o.<\/p>\t\t\t\t\t\t\t\t<\/div>\n\t\t\t\t\t<\/div>\n\t\t\t\t<\/div>\n\t\t<div class=\"elementor-element elementor-element-af80a81 e-flex e-con-boxed e-con e-parent\" data-id=\"af80a81\" data-element_type=\"container\" data-e-type=\"container\">\n\t\t\t\t\t<div class=\"e-con-inner\">\n\t\t<div class=\"elementor-element elementor-element-ac7214b e-con-full e-flex e-con e-child\" data-id=\"ac7214b\" data-element_type=\"container\" data-e-type=\"container\">\n\t\t\t\t<div class=\"elementor-element elementor-element-cf69993 elementor-invisible elementor-widget elementor-widget-image\" data-id=\"cf69993\" data-element_type=\"widget\" data-e-type=\"widget\" data-settings=\"{&quot;_animation&quot;:&quot;fadeIn&quot;}\" data-widget_type=\"image.default\">\n\t\t\t\t\t\t\t\t\t\t\t\t\t\t\t\t<a href=\"https:\/\/mailchi.mp\/246c33abb366\/8wopcwl1ej\">\n\t\t\t\t\t\t\t<img fetchpriority=\"high\" decoding=\"async\" width=\"700\" height=\"700\" src=\"https:\/\/bonsaiarquitetura.com.br\/wp-content\/uploads\/2025\/12\/arquitetura-interiores-online-projeto-guia-tiria-medidas-fotos-interiores-consultoria-arquiteto-decorador-designer-de-interiores-remoto-online-bonsai-arquitetura.webp\" class=\"attachment-large size-large wp-image-1150\" alt=\"\" srcset=\"https:\/\/bonsaiarquitetura.com.br\/wp-content\/uploads\/2025\/12\/arquitetura-interiores-online-projeto-guia-tiria-medidas-fotos-interiores-consultoria-arquiteto-decorador-designer-de-interiores-remoto-online-bonsai-arquitetura.webp 700w, https:\/\/bonsaiarquitetura.com.br\/wp-content\/uploads\/2025\/12\/arquitetura-interiores-online-projeto-guia-tiria-medidas-fotos-interiores-consultoria-arquiteto-decorador-designer-de-interiores-remoto-online-bonsai-arquitetura-300x300.webp 300w, https:\/\/bonsaiarquitetura.com.br\/wp-content\/uploads\/2025\/12\/arquitetura-interiores-online-projeto-guia-tiria-medidas-fotos-interiores-consultoria-arquiteto-decorador-designer-de-interiores-remoto-online-bonsai-arquitetura-150x150.webp 150w\" sizes=\"(max-width: 700px) 100vw, 700px\" \/>\t\t\t\t\t\t\t\t<\/a>\n\t\t\t\t\t\t\t\t\t\t\t\t\t\t\t<\/div>\n\t\t\t\t<div class=\"elementor-element elementor-element-54f4607 elementor-invisible elementor-widget elementor-widget-heading\" data-id=\"54f4607\" data-element_type=\"widget\" data-e-type=\"widget\" data-settings=\"{&quot;_animation&quot;:&quot;fadeIn&quot;}\" data-widget_type=\"heading.default\">\n\t\t\t\t\t<h2 class=\"elementor-heading-title elementor-size-default\">GUIA PARA TIRAR FOTOS E MEDIDAS DE INTERIORES<\/h2>\t\t\t\t<\/div>\n\t\t\t\t<div class=\"elementor-element elementor-element-c229fe5 elementor-invisible elementor-widget elementor-widget-text-editor\" data-id=\"c229fe5\" data-element_type=\"widget\" data-e-type=\"widget\" data-settings=\"{&quot;_animation&quot;:&quot;fadeIn&quot;}\" data-widget_type=\"text-editor.default\">\n\t\t\t\t\t\t\t\t\t<p><strong data-start=\"108\" data-end=\"207\">Um guia simples e direto para ajudar voc\u00ea a fotografar e medir seu espa\u00e7o como um profissional.<\/strong><br data-start=\"207\" data-end=\"210\" \/>Aqui voc\u00ea aprende, passo a passo, a fazer um levantamento eficiente garantindo medidas precisas e a quantidade certa de materiais para a sua obra.<br data-start=\"358\" data-end=\"361\" data-is-only-node=\"\" \/>\u00c9 praticidade agora para evitar desperd\u00edcios depois.<\/p>\t\t\t\t\t\t\t\t<\/div>\n\t\t\t\t<div class=\"elementor-element elementor-element-ed3a972 elementor-align-center elementor-invisible elementor-widget elementor-widget-button\" data-id=\"ed3a972\" data-element_type=\"widget\" data-e-type=\"widget\" data-settings=\"{&quot;_animation&quot;:&quot;bounce&quot;}\" data-widget_type=\"button.default\">\n\t\t\t\t\t\t\t\t\t\t<a class=\"elementor-button elementor-button-link elementor-size-sm\" href=\"https:\/\/mailchi.mp\/246c33abb366\/8wopcwl1ej\">\n\t\t\t\t\t\t<span class=\"elementor-button-content-wrapper\">\n\t\t\t\t\t\t\t\t\t<span class=\"elementor-button-text\">QUERO O GUIA<\/span>\n\t\t\t\t\t<\/span>\n\t\t\t\t\t<\/a>\n\t\t\t\t\t\t\t\t<\/div>\n\t\t\t\t<div class=\"elementor-element elementor-element-8d3863e elementor-widget elementor-widget-spacer\" data-id=\"8d3863e\" data-element_type=\"widget\" data-e-type=\"widget\" data-widget_type=\"spacer.default\">\n\t\t\t\t\t\t\t<div class=\"elementor-spacer\">\n\t\t\t<div class=\"elementor-spacer-inner\"><\/div>\n\t\t<\/div>\n\t\t\t\t\t\t<\/div>\n\t\t\t\t<\/div>\n\t\t<div class=\"elementor-element elementor-element-4a5ab7f e-con-full e-flex e-con e-child\" data-id=\"4a5ab7f\" data-element_type=\"container\" data-e-type=\"container\">\n\t\t\t\t<div class=\"elementor-element elementor-element-0531993 elementor-invisible elementor-widget elementor-widget-image\" data-id=\"0531993\" data-element_type=\"widget\" data-e-type=\"widget\" data-settings=\"{&quot;_animation&quot;:&quot;fadeIn&quot;}\" data-widget_type=\"image.default\">\n\t\t\t\t\t\t\t\t\t\t\t\t\t\t\t\t<a href=\"https:\/\/mailchi.mp\/932809de2b1e\/ebook-transforme-sua-casa-sem-sair-de-casa\">\n\t\t\t\t\t\t\t<img decoding=\"async\" width=\"700\" height=\"700\" src=\"https:\/\/bonsaiarquitetura.com.br\/wp-content\/uploads\/2025\/12\/arquitetura-interiores-online-projeto-ebook-gratuito-consultoria-arquiteto-decorador-designer-de-interiores-remoto-online-bonsai-arquitetura.webp\" class=\"attachment-large size-large wp-image-1149\" alt=\"\" srcset=\"https:\/\/bonsaiarquitetura.com.br\/wp-content\/uploads\/2025\/12\/arquitetura-interiores-online-projeto-ebook-gratuito-consultoria-arquiteto-decorador-designer-de-interiores-remoto-online-bonsai-arquitetura.webp 700w, https:\/\/bonsaiarquitetura.com.br\/wp-content\/uploads\/2025\/12\/arquitetura-interiores-online-projeto-ebook-gratuito-consultoria-arquiteto-decorador-designer-de-interiores-remoto-online-bonsai-arquitetura-300x300.webp 300w, https:\/\/bonsaiarquitetura.com.br\/wp-content\/uploads\/2025\/12\/arquitetura-interiores-online-projeto-ebook-gratuito-consultoria-arquiteto-decorador-designer-de-interiores-remoto-online-bonsai-arquitetura-150x150.webp 150w\" sizes=\"(max-width: 700px) 100vw, 700px\" \/>\t\t\t\t\t\t\t\t<\/a>\n\t\t\t\t\t\t\t\t\t\t\t\t\t\t\t<\/div>\n\t\t\t\t<div class=\"elementor-element elementor-element-3f4d12b elementor-invisible elementor-widget elementor-widget-heading\" data-id=\"3f4d12b\" data-element_type=\"widget\" data-e-type=\"widget\" data-settings=\"{&quot;_animation&quot;:&quot;fadeIn&quot;}\" data-widget_type=\"heading.default\">\n\t\t\t\t\t<h2 class=\"elementor-heading-title elementor-size-default\">EBOOK: TRANSFORME SUA CASA SEM SAIR DE CASA\n<\/h2>\t\t\t\t<\/div>\n\t\t\t\t<div class=\"elementor-element elementor-element-9128704 elementor-invisible elementor-widget elementor-widget-text-editor\" data-id=\"9128704\" data-element_type=\"widget\" data-e-type=\"widget\" data-settings=\"{&quot;_animation&quot;:&quot;fadeIn&quot;}\" data-widget_type=\"text-editor.default\">\n\t\t\t\t\t\t\t\t\t<p><strong data-start=\"109\" data-end=\"306\">Neste eBook gratuito, voc\u00ea vai entender, de forma simples e visual, como funciona o passo a passo da metodologia de projeto e consultoria de design de interiores online da Bonsai Arquitetura.<\/strong><br data-start=\"306\" data-end=\"309\" \/>Com infogr\u00e1ficos claros, o processo se torna f\u00e1cil de acompanhar e ainda mais f\u00e1cil de aplicar ao seu\u00a0 espa\u00e7o.<\/p>\t\t\t\t\t\t\t\t<\/div>\n\t\t\t\t<div class=\"elementor-element elementor-element-60f60dc elementor-align-center elementor-invisible elementor-widget elementor-widget-button\" data-id=\"60f60dc\" data-element_type=\"widget\" data-e-type=\"widget\" data-settings=\"{&quot;_animation&quot;:&quot;bounce&quot;}\" data-widget_type=\"button.default\">\n\t\t\t\t\t\t\t\t\t\t<a class=\"elementor-button elementor-button-link elementor-size-sm\" href=\"https:\/\/mailchi.mp\/932809de2b1e\/ebook-transforme-sua-casa-sem-sair-de-casa\">\n\t\t\t\t\t\t<span class=\"elementor-button-content-wrapper\">\n\t\t\t\t\t\t\t\t\t<span class=\"elementor-button-text\">QUERO O EBOOK<\/span>\n\t\t\t\t\t<\/span>\n\t\t\t\t\t<\/a>\n\t\t\t\t\t\t\t\t<\/div>\n\t\t\t\t<div class=\"elementor-element elementor-element-490e8b3 elementor-widget elementor-widget-spacer\" data-id=\"490e8b3\" data-element_type=\"widget\" data-e-type=\"widget\" data-widget_type=\"spacer.default\">\n\t\t\t\t\t\t\t<div class=\"elementor-spacer\">\n\t\t\t<div class=\"elementor-spacer-inner\"><\/div>\n\t\t<\/div>\n\t\t\t\t\t\t<\/div>\n\t\t\t\t<\/div>\n\t\t\t\t\t<\/div>\n\t\t\t\t<\/div>\n\t\t\t\t<\/div>","protected":false},"excerpt":{"rendered":"<p>Materiais &amp; Guias Explore nossos materiais educativos, criados para apoiar quem deseja entender melhor o potencial de cada metro quadrado e se preparar com mais seguran\u00e7a na hora de projetar ou renovar o pr\u00f3prio espa\u00e7o. GUIA PARA TIRAR FOTOS E MEDIDAS DE INTERIORES Um guia simples e direto para ajudar voc\u00ea a fotografar e medir [&hellip;]<\/p>\n","protected":false},"author":1,"featured_media":0,"parent":0,"menu_order":0,"comment_status":"closed","ping_status":"closed","template":"elementor_header_footer","meta":{"footnotes":""},"class_list":["post-29","page","type-page","status-publish","hentry"],"yoast_head":"<!-- This site is optimized with the Yoast SEO plugin v27.4 - https:\/\/yoast.com\/product\/yoast-seo-wordpress\/ -->\n<title>Recursos - Bonsai Arquitetura e Interiores<\/title>\n<meta name=\"robots\" content=\"index, follow, max-snippet:-1, max-image-preview:large, max-video-preview:-1\" \/>\n<link rel=\"canonical\" href=\"https:\/\/bonsaiarquitetura.com.br\/en\/recursos\/\" \/>\n<meta property=\"og:locale\" content=\"en_US\" \/>\n<meta property=\"og:type\" content=\"article\" \/>\n<meta property=\"og:title\" content=\"Recursos - Bonsai Arquitetura e Interiores\" \/>\n<meta property=\"og:description\" content=\"Materiais &amp; Guias Explore nossos materiais educativos, criados para apoiar quem deseja entender melhor o potencial de cada metro quadrado e se preparar com mais seguran\u00e7a na hora de projetar ou renovar o pr\u00f3prio espa\u00e7o. GUIA PARA TIRAR FOTOS E MEDIDAS DE INTERIORES Um guia simples e direto para ajudar voc\u00ea a fotografar e medir [&hellip;]\" \/>\n<meta property=\"og:url\" content=\"https:\/\/bonsaiarquitetura.com.br\/en\/recursos\/\" \/>\n<meta property=\"og:site_name\" content=\"Bonsai Arquitetura e Interiores\" \/>\n<meta property=\"article:modified_time\" content=\"2026-04-09T22:31:19+00:00\" \/>\n<meta property=\"og:image\" content=\"https:\/\/bonsaiarquitetura.com.br\/wp-content\/uploads\/2025\/12\/arquitetura-interiores-online-projeto-guia-tiria-medidas-fotos-interiores-consultoria-arquiteto-decorador-designer-de-interiores-remoto-online-bonsai-arquitetura.webp\" \/>\n\t<meta property=\"og:image:width\" content=\"700\" \/>\n\t<meta property=\"og:image:height\" content=\"700\" \/>\n\t<meta property=\"og:image:type\" content=\"image\/webp\" \/>\n<meta name=\"twitter:card\" content=\"summary_large_image\" \/>\n<meta name=\"twitter:label1\" content=\"Est. reading time\" \/>\n\t<meta name=\"twitter:data1\" content=\"2 minutes\" \/>\n<script type=\"application\/ld+json\" class=\"yoast-schema-graph\">{\"@context\":\"https:\\\/\\\/schema.org\",\"@graph\":[{\"@type\":\"WebPage\",\"@id\":\"https:\\\/\\\/bonsaiarquitetura.com.br\\\/recursos\\\/\",\"url\":\"https:\\\/\\\/bonsaiarquitetura.com.br\\\/recursos\\\/\",\"name\":\"Recursos - Bonsai Arquitetura e Interiores\",\"isPartOf\":{\"@id\":\"https:\\\/\\\/bonsaiarquitetura.com.br\\\/#website\"},\"primaryImageOfPage\":{\"@id\":\"https:\\\/\\\/bonsaiarquitetura.com.br\\\/recursos\\\/#primaryimage\"},\"image\":{\"@id\":\"https:\\\/\\\/bonsaiarquitetura.com.br\\\/recursos\\\/#primaryimage\"},\"thumbnailUrl\":\"https:\\\/\\\/bonsaiarquitetura.com.br\\\/wp-content\\\/uploads\\\/2025\\\/12\\\/arquitetura-interiores-online-projeto-guia-tiria-medidas-fotos-interiores-consultoria-arquiteto-decorador-designer-de-interiores-remoto-online-bonsai-arquitetura.webp\",\"datePublished\":\"2025-09-07T10:59:39+00:00\",\"dateModified\":\"2026-04-09T22:31:19+00:00\",\"breadcrumb\":{\"@id\":\"https:\\\/\\\/bonsaiarquitetura.com.br\\\/recursos\\\/#breadcrumb\"},\"inLanguage\":\"en-US\",\"potentialAction\":[{\"@type\":\"ReadAction\",\"target\":[\"https:\\\/\\\/bonsaiarquitetura.com.br\\\/recursos\\\/\"]}]},{\"@type\":\"ImageObject\",\"inLanguage\":\"en-US\",\"@id\":\"https:\\\/\\\/bonsaiarquitetura.com.br\\\/recursos\\\/#primaryimage\",\"url\":\"https:\\\/\\\/bonsaiarquitetura.com.br\\\/wp-content\\\/uploads\\\/2025\\\/12\\\/arquitetura-interiores-online-projeto-guia-tiria-medidas-fotos-interiores-consultoria-arquiteto-decorador-designer-de-interiores-remoto-online-bonsai-arquitetura.webp\",\"contentUrl\":\"https:\\\/\\\/bonsaiarquitetura.com.br\\\/wp-content\\\/uploads\\\/2025\\\/12\\\/arquitetura-interiores-online-projeto-guia-tiria-medidas-fotos-interiores-consultoria-arquiteto-decorador-designer-de-interiores-remoto-online-bonsai-arquitetura.webp\"},{\"@type\":\"BreadcrumbList\",\"@id\":\"https:\\\/\\\/bonsaiarquitetura.com.br\\\/recursos\\\/#breadcrumb\",\"itemListElement\":[{\"@type\":\"ListItem\",\"position\":1,\"name\":\"In\u00edcio\",\"item\":\"https:\\\/\\\/bonsaiarquitetura.com.br\\\/\"},{\"@type\":\"ListItem\",\"position\":2,\"name\":\"Recursos\"}]},{\"@type\":\"WebSite\",\"@id\":\"https:\\\/\\\/bonsaiarquitetura.com.br\\\/#website\",\"url\":\"https:\\\/\\\/bonsaiarquitetura.com.br\\\/\",\"name\":\"Bonsai Arquitetura e Interiores\",\"description\":\"Projeto e Consultoria Online para Espa\u00e7os Compactos\",\"potentialAction\":[{\"@type\":\"SearchAction\",\"target\":{\"@type\":\"EntryPoint\",\"urlTemplate\":\"https:\\\/\\\/bonsaiarquitetura.com.br\\\/?s={search_term_string}\"},\"query-input\":{\"@type\":\"PropertyValueSpecification\",\"valueRequired\":true,\"valueName\":\"search_term_string\"}}],\"inLanguage\":\"en-US\"}]}<\/script>\n<!-- \/ Yoast SEO plugin. -->","yoast_head_json":{"title":"Recursos - Bonsai Arquitetura e Interiores","robots":{"index":"index","follow":"follow","max-snippet":"max-snippet:-1","max-image-preview":"max-image-preview:large","max-video-preview":"max-video-preview:-1"},"canonical":"https:\/\/bonsaiarquitetura.com.br\/en\/recursos\/","og_locale":"en_US","og_type":"article","og_title":"Recursos - Bonsai Arquitetura e Interiores","og_description":"Materiais &amp; Guias Explore nossos materiais educativos, criados para apoiar quem deseja entender melhor o potencial de cada metro quadrado e se preparar com mais seguran\u00e7a na hora de projetar ou renovar o pr\u00f3prio espa\u00e7o. GUIA PARA TIRAR FOTOS E MEDIDAS DE INTERIORES Um guia simples e direto para ajudar voc\u00ea a fotografar e medir [&hellip;]","og_url":"https:\/\/bonsaiarquitetura.com.br\/en\/recursos\/","og_site_name":"Bonsai Arquitetura e Interiores","article_modified_time":"2026-04-09T22:31:19+00:00","og_image":[{"width":700,"height":700,"url":"https:\/\/bonsaiarquitetura.com.br\/wp-content\/uploads\/2025\/12\/arquitetura-interiores-online-projeto-guia-tiria-medidas-fotos-interiores-consultoria-arquiteto-decorador-designer-de-interiores-remoto-online-bonsai-arquitetura.webp","type":"image\/webp"}],"twitter_card":"summary_large_image","twitter_misc":{"Est. reading time":"2 minutes"},"schema":{"@context":"https:\/\/schema.org","@graph":[{"@type":"WebPage","@id":"https:\/\/bonsaiarquitetura.com.br\/recursos\/","url":"https:\/\/bonsaiarquitetura.com.br\/recursos\/","name":"Recursos - Bonsai Arquitetura e Interiores","isPartOf":{"@id":"https:\/\/bonsaiarquitetura.com.br\/#website"},"primaryImageOfPage":{"@id":"https:\/\/bonsaiarquitetura.com.br\/recursos\/#primaryimage"},"image":{"@id":"https:\/\/bonsaiarquitetura.com.br\/recursos\/#primaryimage"},"thumbnailUrl":"https:\/\/bonsaiarquitetura.com.br\/wp-content\/uploads\/2025\/12\/arquitetura-interiores-online-projeto-guia-tiria-medidas-fotos-interiores-consultoria-arquiteto-decorador-designer-de-interiores-remoto-online-bonsai-arquitetura.webp","datePublished":"2025-09-07T10:59:39+00:00","dateModified":"2026-04-09T22:31:19+00:00","breadcrumb":{"@id":"https:\/\/bonsaiarquitetura.com.br\/recursos\/#breadcrumb"},"inLanguage":"en-US","potentialAction":[{"@type":"ReadAction","target":["https:\/\/bonsaiarquitetura.com.br\/recursos\/"]}]},{"@type":"ImageObject","inLanguage":"en-US","@id":"https:\/\/bonsaiarquitetura.com.br\/recursos\/#primaryimage","url":"https:\/\/bonsaiarquitetura.com.br\/wp-content\/uploads\/2025\/12\/arquitetura-interiores-online-projeto-guia-tiria-medidas-fotos-interiores-consultoria-arquiteto-decorador-designer-de-interiores-remoto-online-bonsai-arquitetura.webp","contentUrl":"https:\/\/bonsaiarquitetura.com.br\/wp-content\/uploads\/2025\/12\/arquitetura-interiores-online-projeto-guia-tiria-medidas-fotos-interiores-consultoria-arquiteto-decorador-designer-de-interiores-remoto-online-bonsai-arquitetura.webp"},{"@type":"BreadcrumbList","@id":"https:\/\/bonsaiarquitetura.com.br\/recursos\/#breadcrumb","itemListElement":[{"@type":"ListItem","position":1,"name":"In\u00edcio","item":"https:\/\/bonsaiarquitetura.com.br\/"},{"@type":"ListItem","position":2,"name":"Recursos"}]},{"@type":"WebSite","@id":"https:\/\/bonsaiarquitetura.com.br\/#website","url":"https:\/\/bonsaiarquitetura.com.br\/","name":"Bonsai Architecture and Interiors","description":"Projeto e Consultoria Online para Espa\u00e7os Compactos","potentialAction":[{"@type":"SearchAction","target":{"@type":"EntryPoint","urlTemplate":"https:\/\/bonsaiarquitetura.com.br\/?s={search_term_string}"},"query-input":{"@type":"PropertyValueSpecification","valueRequired":true,"valueName":"search_term_string"}}],"inLanguage":"en-US"}]}},"_links":{"self":[{"href":"https:\/\/bonsaiarquitetura.com.br\/en\/wp-json\/wp\/v2\/pages\/29","targetHints":{"allow":["GET"]}}],"collection":[{"href":"https:\/\/bonsaiarquitetura.com.br\/en\/wp-json\/wp\/v2\/pages"}],"about":[{"href":"https:\/\/bonsaiarquitetura.com.br\/en\/wp-json\/wp\/v2\/types\/page"}],"author":[{"embeddable":true,"href":"https:\/\/bonsaiarquitetura.com.br\/en\/wp-json\/wp\/v2\/users\/1"}],"replies":[{"embeddable":true,"href":"https:\/\/bonsaiarquitetura.com.br\/en\/wp-json\/wp\/v2\/comments?post=29"}],"version-history":[{"count":36,"href":"https:\/\/bonsaiarquitetura.com.br\/en\/wp-json\/wp\/v2\/pages\/29\/revisions"}],"predecessor-version":[{"id":2087,"href":"https:\/\/bonsaiarquitetura.com.br\/en\/wp-json\/wp\/v2\/pages\/29\/revisions\/2087"}],"wp:attachment":[{"href":"https:\/\/bonsaiarquitetura.com.br\/en\/wp-json\/wp\/v2\/media?parent=29"}],"curies":[{"name":"wp","href":"https:\/\/api.w.org\/{rel}","templated":true}]}}