{"id":3,"date":"2025-09-03T12:22:14","date_gmt":"2025-09-03T12:22:14","guid":{"rendered":"https:\/\/bonsaiarquitetura.com.br\/?page_id=3"},"modified":"2025-09-07T10:05:38","modified_gmt":"2025-09-07T10:05:38","slug":"politicas-privacidade","status":"publish","type":"page","link":"https:\/\/bonsaiarquitetura.com.br\/en\/politicas-privacidade\/","title":{"rendered":"Privacy Policy"},"content":{"rendered":"<h2 class=\"wp-block-heading\">Who are we<\/h2>\n\n\n\n<p>Our website address is: https:\/\/bonsaiarquitetura.com.br.<\/p>\n\n\n\n<h2 class=\"wp-block-heading\">Comments<\/h2>\n\n\n\n<p>When visitors leave comments on the site we collect the data shown in the comments form, and also the visitor\u2019s IP address and browser user agent string to help spam detection.\n\nAn anonymized string created from your email address (also called a hash) may be provided to the Gravatar service to see if you are using it. The Gravatar service privacy policy is available here: https:\/\/automattic.com\/privacy\/. After approval of your comment, your profile picture is visible to the public in the context of your comment.<\/p>\n\n\n\n<h2 class=\"wp-block-heading\">Media<\/h2>\n\n\n\n<p>If you upload images to the website, please avoid uploading images with embedded location data (EXIF GPS). Website visitors can download and extract any location data from images on the website.<\/p>\n\n\n\n<h2 class=\"wp-block-heading\">Cookies<\/h2>\n\n\n\n<p>When you leave a comment on our site, you may opt-in to save your name, email address, and website in cookies. This is for your convenience so that you do not have to fill in your details again when you leave another comment. These cookies will last for one year.<br><br>If you visit our login page, we will set a temporary cookie to determine if your browser accepts cookies. This cookie contains no personal data and is discarded when you close your browser.<br><br>Upon logging in, we will also set several cookies to save your login information and your screen display choices. Login cookies last for two days, and screen options cookies last for a year. If you select \u201cRemember me,\u201d your login will remain for two weeks. If you log out of your account, the login cookies will be removed.<br><br>If you edit or publish an article, an additional cookie will be saved in your browser. This cookie does not include personal data and simply indicates the post ID of the article you just edited. It expires after 1 day.<\/p>\n\n\n\n<h2 class=\"wp-block-heading\">Embedded content from other websites<\/h2>\n\n\n\n<p>Articles on this site may include embedded content (e.g., videos, images, articles, etc.). Embedded content from other websites behaves in the exact same way as if the visitor has visited the other website.\n\nThese websites may collect data about you, use cookies, embed additional third-party tracking, and monitor your interaction with that embedded content, including tracking your interaction with the embedded content if you have an account and are logged in to that website.<\/p>\n\n\n\n<h2 class=\"wp-block-heading\">Who we share your data with<\/h2>\n\n\n\n<p>If you request a password reset, your IP address will be included in the reset email.<\/p>\n\n\n\n<h2 class=\"wp-block-heading\">How long do we retain your data<\/h2>\n\n\n\n<p>If you leave a comment, the comment and its metadata are retained indefinitely. This allows us to automatically recognize and approve any follow-up comments instead of holding them in a moderation queue.\n\nFor users who register on our website (if any), we also store the personal information they provide in their user profile. All users can view, edit, or delete their personal information at any time (except they cannot change their username). Website administrators can also view and edit this information.<\/p>\n\n\n\n<h2 class=\"wp-block-heading\">What are your rights regarding your data <\/h2>\n\n\n\n<p>If you have an account on this site or have left comments, you can request an exported file of the personal data we hold about you, including any data you have provided to us. You can also request the deletion of any personal data we hold about you. This does not include any data we are obliged to keep for administrative, legal, or security purposes.<\/p>\n\n\n\n<h2 class=\"wp-block-heading\">Where is your data sent<\/h2>\n\n\n\n<p>Visitor comments may be checked by an automated spam detection service.<\/p>","protected":false},"excerpt":{"rendered":"<p>Quem somos O endere\u00e7o do nosso site \u00e9: https:\/\/bonsaiarquitetura.com.br. Coment\u00e1rios Quando os visitantes deixam coment\u00e1rios no site, coletamos os dados exibidos no formul\u00e1rio de coment\u00e1rios, al\u00e9m do endere\u00e7o IP do visitante e da string do agente do usu\u00e1rio do navegador para auxiliar na detec\u00e7\u00e3o de spam. Uma string anonimizada criada a partir do seu endere\u00e7o [&hellip;]<\/p>\n","protected":false},"author":1,"featured_media":0,"parent":0,"menu_order":0,"comment_status":"closed","ping_status":"open","template":"","meta":{"footnotes":""},"class_list":["post-3","page","type-page","status-publish","hentry"],"yoast_head":"<!-- This site is optimized with the Yoast SEO plugin v27.4 - https:\/\/yoast.com\/product\/yoast-seo-wordpress\/ -->\n<title>Politicas de Privacidade - Bonsai Arquitetura e Interiores<\/title>\n<meta name=\"robots\" content=\"index, follow, max-snippet:-1, max-image-preview:large, max-video-preview:-1\" \/>\n<link rel=\"canonical\" href=\"https:\/\/bonsaiarquitetura.com.br\/en\/politicas-privacidade\/\" \/>\n<meta property=\"og:locale\" content=\"en_US\" \/>\n<meta property=\"og:type\" content=\"article\" \/>\n<meta property=\"og:title\" content=\"Politicas de Privacidade - Bonsai Arquitetura e Interiores\" \/>\n<meta property=\"og:description\" content=\"Quem somos O endere\u00e7o do nosso site \u00e9: https:\/\/bonsaiarquitetura.com.br. Coment\u00e1rios Quando os visitantes deixam coment\u00e1rios no site, coletamos os dados exibidos no formul\u00e1rio de coment\u00e1rios, al\u00e9m do endere\u00e7o IP do visitante e da string do agente do usu\u00e1rio do navegador para auxiliar na detec\u00e7\u00e3o de spam. Uma string anonimizada criada a partir do seu endere\u00e7o [&hellip;]\" \/>\n<meta property=\"og:url\" content=\"https:\/\/bonsaiarquitetura.com.br\/en\/politicas-privacidade\/\" \/>\n<meta property=\"og:site_name\" content=\"Bonsai Arquitetura e Interiores\" \/>\n<meta property=\"article:modified_time\" content=\"2025-09-07T10:05:38+00:00\" \/>\n<meta name=\"twitter:card\" content=\"summary_large_image\" \/>\n<meta name=\"twitter:label1\" content=\"Est. reading time\" \/>\n\t<meta name=\"twitter:data1\" content=\"3 minutes\" \/>\n<script type=\"application\/ld+json\" class=\"yoast-schema-graph\">{\"@context\":\"https:\\\/\\\/schema.org\",\"@graph\":[{\"@type\":\"WebPage\",\"@id\":\"https:\\\/\\\/bonsaiarquitetura.com.br\\\/politicas-privacidade\\\/\",\"url\":\"https:\\\/\\\/bonsaiarquitetura.com.br\\\/politicas-privacidade\\\/\",\"name\":\"Politicas de Privacidade - Bonsai Arquitetura e Interiores\",\"isPartOf\":{\"@id\":\"https:\\\/\\\/bonsaiarquitetura.com.br\\\/#website\"},\"datePublished\":\"2025-09-03T12:22:14+00:00\",\"dateModified\":\"2025-09-07T10:05:38+00:00\",\"breadcrumb\":{\"@id\":\"https:\\\/\\\/bonsaiarquitetura.com.br\\\/politicas-privacidade\\\/#breadcrumb\"},\"inLanguage\":\"en-US\",\"potentialAction\":[{\"@type\":\"ReadAction\",\"target\":[\"https:\\\/\\\/bonsaiarquitetura.com.br\\\/politicas-privacidade\\\/\"]}]},{\"@type\":\"BreadcrumbList\",\"@id\":\"https:\\\/\\\/bonsaiarquitetura.com.br\\\/politicas-privacidade\\\/#breadcrumb\",\"itemListElement\":[{\"@type\":\"ListItem\",\"position\":1,\"name\":\"In\u00edcio\",\"item\":\"https:\\\/\\\/bonsaiarquitetura.com.br\\\/\"},{\"@type\":\"ListItem\",\"position\":2,\"name\":\"Politicas de Privacidade\"}]},{\"@type\":\"WebSite\",\"@id\":\"https:\\\/\\\/bonsaiarquitetura.com.br\\\/#website\",\"url\":\"https:\\\/\\\/bonsaiarquitetura.com.br\\\/\",\"name\":\"Bonsai Arquitetura e Interiores\",\"description\":\"Projeto e Consultoria Online para Espa\u00e7os Compactos\",\"potentialAction\":[{\"@type\":\"SearchAction\",\"target\":{\"@type\":\"EntryPoint\",\"urlTemplate\":\"https:\\\/\\\/bonsaiarquitetura.com.br\\\/?s={search_term_string}\"},\"query-input\":{\"@type\":\"PropertyValueSpecification\",\"valueRequired\":true,\"valueName\":\"search_term_string\"}}],\"inLanguage\":\"en-US\"}]}<\/script>\n<!-- \/ Yoast SEO plugin. -->","yoast_head_json":{"title":"Politicas de Privacidade - Bonsai Arquitetura e Interiores","robots":{"index":"index","follow":"follow","max-snippet":"max-snippet:-1","max-image-preview":"max-image-preview:large","max-video-preview":"max-video-preview:-1"},"canonical":"https:\/\/bonsaiarquitetura.com.br\/en\/politicas-privacidade\/","og_locale":"en_US","og_type":"article","og_title":"Politicas de Privacidade - Bonsai Arquitetura e Interiores","og_description":"Quem somos O endere\u00e7o do nosso site \u00e9: https:\/\/bonsaiarquitetura.com.br. Coment\u00e1rios Quando os visitantes deixam coment\u00e1rios no site, coletamos os dados exibidos no formul\u00e1rio de coment\u00e1rios, al\u00e9m do endere\u00e7o IP do visitante e da string do agente do usu\u00e1rio do navegador para auxiliar na detec\u00e7\u00e3o de spam. Uma string anonimizada criada a partir do seu endere\u00e7o [&hellip;]","og_url":"https:\/\/bonsaiarquitetura.com.br\/en\/politicas-privacidade\/","og_site_name":"Bonsai Arquitetura e Interiores","article_modified_time":"2025-09-07T10:05:38+00:00","twitter_card":"summary_large_image","twitter_misc":{"Est. reading time":"3 minutes"},"schema":{"@context":"https:\/\/schema.org","@graph":[{"@type":"WebPage","@id":"https:\/\/bonsaiarquitetura.com.br\/politicas-privacidade\/","url":"https:\/\/bonsaiarquitetura.com.br\/politicas-privacidade\/","name":"Politicas de Privacidade - Bonsai Arquitetura e Interiores","isPartOf":{"@id":"https:\/\/bonsaiarquitetura.com.br\/#website"},"datePublished":"2025-09-03T12:22:14+00:00","dateModified":"2025-09-07T10:05:38+00:00","breadcrumb":{"@id":"https:\/\/bonsaiarquitetura.com.br\/politicas-privacidade\/#breadcrumb"},"inLanguage":"en-US","potentialAction":[{"@type":"ReadAction","target":["https:\/\/bonsaiarquitetura.com.br\/politicas-privacidade\/"]}]},{"@type":"BreadcrumbList","@id":"https:\/\/bonsaiarquitetura.com.br\/politicas-privacidade\/#breadcrumb","itemListElement":[{"@type":"ListItem","position":1,"name":"In\u00edcio","item":"https:\/\/bonsaiarquitetura.com.br\/"},{"@type":"ListItem","position":2,"name":"Politicas de Privacidade"}]},{"@type":"WebSite","@id":"https:\/\/bonsaiarquitetura.com.br\/#website","url":"https:\/\/bonsaiarquitetura.com.br\/","name":"Bonsai Architecture and Interiors","description":"Projeto e Consultoria Online para Espa\u00e7os Compactos","potentialAction":[{"@type":"SearchAction","target":{"@type":"EntryPoint","urlTemplate":"https:\/\/bonsaiarquitetura.com.br\/?s={search_term_string}"},"query-input":{"@type":"PropertyValueSpecification","valueRequired":true,"valueName":"search_term_string"}}],"inLanguage":"en-US"}]}},"_links":{"self":[{"href":"https:\/\/bonsaiarquitetura.com.br\/en\/wp-json\/wp\/v2\/pages\/3","targetHints":{"allow":["GET"]}}],"collection":[{"href":"https:\/\/bonsaiarquitetura.com.br\/en\/wp-json\/wp\/v2\/pages"}],"about":[{"href":"https:\/\/bonsaiarquitetura.com.br\/en\/wp-json\/wp\/v2\/types\/page"}],"author":[{"embeddable":true,"href":"https:\/\/bonsaiarquitetura.com.br\/en\/wp-json\/wp\/v2\/users\/1"}],"replies":[{"embeddable":true,"href":"https:\/\/bonsaiarquitetura.com.br\/en\/wp-json\/wp\/v2\/comments?post=3"}],"version-history":[{"count":1,"href":"https:\/\/bonsaiarquitetura.com.br\/en\/wp-json\/wp\/v2\/pages\/3\/revisions"}],"predecessor-version":[{"id":16,"href":"https:\/\/bonsaiarquitetura.com.br\/en\/wp-json\/wp\/v2\/pages\/3\/revisions\/16"}],"wp:attachment":[{"href":"https:\/\/bonsaiarquitetura.com.br\/en\/wp-json\/wp\/v2\/media?parent=3"}],"curies":[{"name":"wp","href":"https:\/\/api.w.org\/{rel}","templated":true}]}}